{"id":80,"date":"2025-01-17T14:50:26","date_gmt":"2025-01-17T13:50:26","guid":{"rendered":"http:\/\/www.mylenecauchefer.com\/?page_id=80"},"modified":"2025-05-23T14:25:52","modified_gmt":"2025-05-23T12:25:52","slug":"foulards","status":"publish","type":"page","link":"https:\/\/www.mylenecauchefer.com\/index.php\/foulards\/","title":{"rendered":"Foulards"},"content":{"rendered":"\t\t<div data-elementor-type=\"wp-page\" data-elementor-id=\"80\" class=\"elementor elementor-80\" data-elementor-post-type=\"page\">\n\t\t\t\t<div class=\"elementor-element elementor-element-68a8ca2 e-flex e-con-boxed e-con e-parent\" data-id=\"68a8ca2\" data-element_type=\"container\" data-e-type=\"container\">\n\t\t\t\t\t<div class=\"e-con-inner\">\n\t\t<div class=\"elementor-element elementor-element-b4d5c99 e-con-full e-flex e-con e-child\" data-id=\"b4d5c99\" data-element_type=\"container\" data-e-type=\"container\">\n\t\t\t\t<\/div>\n\t\t<div class=\"elementor-element elementor-element-952c7c7 e-con-full e-flex e-con e-child\" data-id=\"952c7c7\" data-element_type=\"container\" data-e-type=\"container\">\n\t\t\t\t<div class=\"elementor-element elementor-element-a491dda elementor-widget elementor-widget-spacer\" data-id=\"a491dda\" data-element_type=\"widget\" data-e-type=\"widget\" data-widget_type=\"spacer.default\">\n\t\t\t\t<div class=\"elementor-widget-container\">\n\t\t\t\t\t\t\t<div class=\"elementor-spacer\">\n\t\t\t<div class=\"elementor-spacer-inner\"><\/div>\n\t\t<\/div>\n\t\t\t\t\t\t<\/div>\n\t\t\t\t<\/div>\n\t\t\t\t<\/div>\n\t\t<div class=\"elementor-element elementor-element-e06b2e8 e-con-full e-flex e-con e-child\" data-id=\"e06b2e8\" data-element_type=\"container\" data-e-type=\"container\">\n\t\t<div class=\"elementor-element elementor-element-138a54f e-con-full e-flex e-con e-child\" data-id=\"138a54f\" data-element_type=\"container\" data-e-type=\"container\" data-settings=\"{&quot;background_background&quot;:&quot;classic&quot;}\">\n\t\t\t\t<\/div>\n\t\t\t\t<\/div>\n\t\t<div class=\"elementor-element elementor-element-af7233f e-con-full e-flex e-con e-child\" data-id=\"af7233f\" data-element_type=\"container\" data-e-type=\"container\">\n\t\t\t\t<div class=\"elementor-element elementor-element-38d6b14 elementor-widget elementor-widget-spacer\" data-id=\"38d6b14\" data-element_type=\"widget\" data-e-type=\"widget\" data-widget_type=\"spacer.default\">\n\t\t\t\t<div class=\"elementor-widget-container\">\n\t\t\t\t\t\t\t<div class=\"elementor-spacer\">\n\t\t\t<div class=\"elementor-spacer-inner\"><\/div>\n\t\t<\/div>\n\t\t\t\t\t\t<\/div>\n\t\t\t\t<\/div>\n\t\t\t\t<\/div>\n\t\t<div class=\"elementor-element elementor-element-541a006 e-con-full e-flex e-con e-child\" data-id=\"541a006\" data-element_type=\"container\" data-e-type=\"container\">\n\t\t<div class=\"elementor-element elementor-element-5160a70 e-con-full e-flex e-con e-child\" data-id=\"5160a70\" data-element_type=\"container\" data-e-type=\"container\">\n\t\t\t\t<div class=\"elementor-element elementor-element-e9e8a1d elementor-widget elementor-widget-heading\" data-id=\"e9e8a1d\" data-element_type=\"widget\" data-e-type=\"widget\" data-widget_type=\"heading.default\">\n\t\t\t\t<div class=\"elementor-widget-container\">\n\t\t\t\t\t<h2 class=\"elementor-heading-title elementor-size-default\">Impression botanique de plantes et fleurs sur foulard en soie.<\/h2>\t\t\t\t<\/div>\n\t\t\t\t<\/div>\n\t\t\t\t<\/div>\n\t\t\t\t<\/div>\n\t\t<div class=\"elementor-element elementor-element-bb85aa6 e-con-full e-flex e-con e-child\" data-id=\"bb85aa6\" data-element_type=\"container\" data-e-type=\"container\">\n\t\t\t\t<div class=\"elementor-element elementor-element-11f3cc3 elementor-widget elementor-widget-spacer\" data-id=\"11f3cc3\" data-element_type=\"widget\" data-e-type=\"widget\" data-widget_type=\"spacer.default\">\n\t\t\t\t<div class=\"elementor-widget-container\">\n\t\t\t\t\t\t\t<div class=\"elementor-spacer\">\n\t\t\t<div class=\"elementor-spacer-inner\"><\/div>\n\t\t<\/div>\n\t\t\t\t\t\t<\/div>\n\t\t\t\t<\/div>\n\t\t\t\t<\/div>\n\t\t<div class=\"elementor-element elementor-element-1a529b2 e-con-full e-flex e-con e-child\" data-id=\"1a529b2\" data-element_type=\"container\" data-e-type=\"container\">\n\t\t<div class=\"elementor-element elementor-element-93f0c9b e-con-full e-flex e-con e-child\" data-id=\"93f0c9b\" data-element_type=\"container\" data-e-type=\"container\" data-settings=\"{&quot;background_background&quot;:&quot;classic&quot;}\">\n\t\t\t\t<\/div>\n\t\t<div class=\"elementor-element elementor-element-bd50d8b e-con-full e-flex e-con e-child\" data-id=\"bd50d8b\" data-element_type=\"container\" data-e-type=\"container\" data-settings=\"{&quot;background_background&quot;:&quot;classic&quot;}\">\n\t\t\t\t<\/div>\n\t\t<div class=\"elementor-element elementor-element-78df7da e-con-full e-flex e-con e-child\" data-id=\"78df7da\" data-element_type=\"container\" data-e-type=\"container\">\n\t\t\t\t<div class=\"elementor-element elementor-element-70badc6 elementor-widget elementor-widget-text-editor\" data-id=\"70badc6\" data-element_type=\"widget\" data-e-type=\"widget\" data-widget_type=\"text-editor.default\">\n\t\t\t\t<div class=\"elementor-widget-container\">\n\t\t\t\t\t\t\t\t\t<p>Mes foulards sont imprim\u00e9s de mani\u00e8re naturelle et artisanale dans mon atelier \u00e0 Toulouse.<\/p><p>Le proc\u00e9d\u00e9 de l&#8217;eco-print permet une empreinte durable sur la soie en utilisant exclusivement des plantes, fleurs et v\u00e9g\u00e9taux.\u00a0<\/p><p>Chaque foulard est une pi\u00e8ce unique !<\/p>\t\t\t\t\t\t\t\t<\/div>\n\t\t\t\t<\/div>\n\t\t\t\t<\/div>\n\t\t\t\t<\/div>\n\t\t<div class=\"elementor-element elementor-element-62ca427 e-con-full e-flex e-con e-child\" data-id=\"62ca427\" data-element_type=\"container\" data-e-type=\"container\">\n\t\t<div class=\"elementor-element elementor-element-f48142e e-con-full e-flex e-con e-child\" data-id=\"f48142e\" data-element_type=\"container\" data-e-type=\"container\" data-settings=\"{&quot;background_background&quot;:&quot;classic&quot;}\">\n\t\t\t\t<\/div>\n\t\t\t\t<\/div>\n\t\t<div class=\"elementor-element elementor-element-c5b8389 e-con-full e-flex e-con e-child\" data-id=\"c5b8389\" data-element_type=\"container\" data-e-type=\"container\">\n\t\t<div class=\"elementor-element elementor-element-59da2da e-con-full e-flex e-con e-child\" data-id=\"59da2da\" data-element_type=\"container\" data-e-type=\"container\" data-settings=\"{&quot;background_background&quot;:&quot;classic&quot;}\">\n\t\t\t\t<\/div>\n\t\t<div class=\"elementor-element elementor-element-e64aa2f e-con-full e-flex e-con e-child\" data-id=\"e64aa2f\" data-element_type=\"container\" data-e-type=\"container\" data-settings=\"{&quot;background_background&quot;:&quot;classic&quot;}\">\n\t\t\t\t<\/div>\n\t\t\t\t<\/div>\n\t\t<div class=\"elementor-element elementor-element-0def6ef e-con-full e-flex e-con e-child\" data-id=\"0def6ef\" data-element_type=\"container\" data-e-type=\"container\">\n\t\t\t\t<div class=\"elementor-element elementor-element-24e54fb elementor-widget elementor-widget-spacer\" data-id=\"24e54fb\" data-element_type=\"widget\" data-e-type=\"widget\" data-widget_type=\"spacer.default\">\n\t\t\t\t<div class=\"elementor-widget-container\">\n\t\t\t\t\t\t\t<div class=\"elementor-spacer\">\n\t\t\t<div class=\"elementor-spacer-inner\"><\/div>\n\t\t<\/div>\n\t\t\t\t\t\t<\/div>\n\t\t\t\t<\/div>\n\t\t\t\t<\/div>\n\t\t<div class=\"elementor-element elementor-element-7431c98 e-con-full e-flex e-con e-child\" data-id=\"7431c98\" data-element_type=\"container\" data-e-type=\"container\">\n\t\t<div class=\"elementor-element elementor-element-ffcfed1 e-con-full e-flex e-con e-child\" data-id=\"ffcfed1\" data-element_type=\"container\" data-e-type=\"container\">\n\t\t\t\t<div class=\"elementor-element elementor-element-c283b5e elementor-widget elementor-widget-heading\" data-id=\"c283b5e\" data-element_type=\"widget\" data-e-type=\"widget\" data-widget_type=\"heading.default\">\n\t\t\t\t<div class=\"elementor-widget-container\">\n\t\t\t\t\t<h2 class=\"elementor-heading-title elementor-size-default\">Vous aimez mes foulards ?<\/h2>\t\t\t\t<\/div>\n\t\t\t\t<\/div>\n\t\t\t\t<div class=\"elementor-element elementor-element-3310d85 elementor-widget elementor-widget-text-editor\" data-id=\"3310d85\" data-element_type=\"widget\" data-e-type=\"widget\" data-widget_type=\"text-editor.default\">\n\t\t\t\t<div class=\"elementor-widget-container\">\n\t\t\t\t\t\t\t\t\t<p>Je vous re\u00e7ois dans mon atelier \u00e0 Toulouse sur RDV, contactez-moi.<br \/>Pour \u00eatre au courant des prochaines ventes\/expositions ou stages d&#8217;eco-print, merci de laisser un message via le formulaire.<\/p>\t\t\t\t\t\t\t\t<\/div>\n\t\t\t\t<\/div>\n\t\t\t\t<div class=\"elementor-element elementor-element-7a2f5dc elementor-button-align-stretch elementor-widget elementor-widget-form\" data-id=\"7a2f5dc\" data-element_type=\"widget\" data-e-type=\"widget\" data-settings=\"{&quot;button_width&quot;:&quot;20&quot;,&quot;step_next_label&quot;:&quot;Suivant&quot;,&quot;step_previous_label&quot;:&quot;Pr\\u00e9c\\u00e9dent&quot;,&quot;step_type&quot;:&quot;number_text&quot;,&quot;step_icon_shape&quot;:&quot;circle&quot;}\" data-widget_type=\"form.default\">\n\t\t\t\t<div class=\"elementor-widget-container\">\n\t\t\t\t\t\t\t<form class=\"elementor-form\" method=\"post\" name=\"Nouveau formulaire\">\n\t\t\t<input type=\"hidden\" name=\"post_id\" value=\"80\"\/>\n\t\t\t<input type=\"hidden\" name=\"form_id\" value=\"7a2f5dc\"\/>\n\t\t\t<input type=\"hidden\" name=\"referer_title\" value=\"Foulards - Myl\u00e8ne Cauchefer\" \/>\n\n\t\t\t\t\t\t\t<input type=\"hidden\" name=\"queried_id\" value=\"80\"\/>\n\t\t\t\n\t\t\t<div class=\"elementor-form-fields-wrapper elementor-labels-above\">\n\t\t\t\t\t\t\t\t<div class=\"elementor-field-type-text elementor-field-group elementor-column elementor-field-group-name elementor-col-100 elementor-field-required elementor-mark-required\">\n\t\t\t\t\t\t\t\t\t\t\t\t<label for=\"form-field-name\" class=\"elementor-field-label\">\n\t\t\t\t\t\t\t\tVOTRE NOM\t\t\t\t\t\t\t<\/label>\n\t\t\t\t\t\t\t\t\t\t\t\t\t\t<input size=\"1\" type=\"text\" name=\"form_fields[name]\" id=\"form-field-name\" class=\"elementor-field elementor-size-sm  elementor-field-textual\" placeholder=\"Nom\" required=\"required\">\n\t\t\t\t\t\t\t\t\t\t\t<\/div>\n\t\t\t\t\t\t\t\t<div class=\"elementor-field-type-email elementor-field-group elementor-column elementor-field-group-email elementor-col-100 elementor-field-required elementor-mark-required\">\n\t\t\t\t\t\t\t\t\t\t\t\t<label for=\"form-field-email\" class=\"elementor-field-label\">\n\t\t\t\t\t\t\t\tVOTRE E-MAIL\t\t\t\t\t\t\t<\/label>\n\t\t\t\t\t\t\t\t\t\t\t\t\t\t<input size=\"1\" type=\"email\" name=\"form_fields[email]\" id=\"form-field-email\" class=\"elementor-field elementor-size-sm  elementor-field-textual\" placeholder=\"E-mail\" required=\"required\">\n\t\t\t\t\t\t\t\t\t\t\t<\/div>\n\t\t\t\t\t\t\t\t<div class=\"elementor-field-type-text elementor-field-group elementor-column elementor-field-group-field_a4b0a81 elementor-col-100\">\n\t\t\t\t\t\t\t\t\t\t\t\t<label for=\"form-field-field_a4b0a81\" class=\"elementor-field-label\">\n\t\t\t\t\t\t\t\tOBJET\t\t\t\t\t\t\t<\/label>\n\t\t\t\t\t\t\t\t\t\t\t\t\t\t<input size=\"1\" type=\"text\" name=\"form_fields[field_a4b0a81]\" id=\"form-field-field_a4b0a81\" class=\"elementor-field elementor-size-sm  elementor-field-textual\" placeholder=\"Objet\">\n\t\t\t\t\t\t\t\t\t\t\t<\/div>\n\t\t\t\t\t\t\t\t<div class=\"elementor-field-type-textarea elementor-field-group elementor-column elementor-field-group-message elementor-col-100\">\n\t\t\t\t\t\t\t\t\t\t\t\t<label for=\"form-field-message\" class=\"elementor-field-label\">\n\t\t\t\t\t\t\t\tVOTRE MESSAGE\t\t\t\t\t\t\t<\/label>\n\t\t\t\t\t\t<textarea class=\"elementor-field-textual elementor-field  elementor-size-sm\" name=\"form_fields[message]\" id=\"form-field-message\" rows=\"5\" placeholder=\"Message\"><\/textarea>\t\t\t\t<\/div>\n\t\t\t\t\t\t\t\t<div class=\"elementor-field-type-recaptcha_v3 elementor-field-group elementor-column elementor-field-group-field_7343d07 elementor-col-100 recaptcha_v3-bottomright\">\n\t\t\t\t\t<div class=\"elementor-field\" id=\"form-field-field_7343d07\"><div class=\"elementor-g-recaptcha\" data-sitekey=\"6LfiyUIrAAAAAAYuZ7YUf9WaSvNcsf-LStHXqn9k\" data-type=\"v3\" data-action=\"Form\" data-badge=\"bottomright\" data-size=\"invisible\"><\/div><\/div>\t\t\t\t<\/div>\n\t\t\t\t\t\t\t\t<div class=\"elementor-field-group elementor-column elementor-field-type-submit elementor-col-20 e-form__buttons\">\n\t\t\t\t\t<button class=\"elementor-button elementor-size-sm\" type=\"submit\">\n\t\t\t\t\t\t<span class=\"elementor-button-content-wrapper\">\n\t\t\t\t\t\t\t\t\t\t\t\t\t\t\t\t\t\t\t\t\t\t<span class=\"elementor-button-text\">ENVOYER<\/span>\n\t\t\t\t\t\t\t\t\t\t\t\t\t<\/span>\n\t\t\t\t\t<\/button>\n\t\t\t\t<\/div>\n\t\t\t<\/div>\n\t\t<\/form>\n\t\t\t\t\t\t<\/div>\n\t\t\t\t<\/div>\n\t\t\t\t<\/div>\n\t\t\t\t<\/div>\n\t\t\t\t\t<\/div>\n\t\t\t\t<\/div>\n\t\t\t\t<\/div>\n\t\t","protected":false},"excerpt":{"rendered":"<p>Impression botanique de plantes et fleurs sur foulard en soie. Mes foulards sont imprim\u00e9s de mani\u00e8re naturelle et artisanale dans mon atelier \u00e0 Toulouse. Le proc\u00e9d\u00e9 de l&#8217;eco-print permet une empreinte durable sur la soie en utilisant exclusivement des plantes, fleurs et v\u00e9g\u00e9taux.\u00a0 Chaque foulard est une pi\u00e8ce unique ! Vous aimez mes foulards ? [&hellip;]<\/p>\n","protected":false},"author":1,"featured_media":0,"parent":0,"menu_order":0,"comment_status":"closed","ping_status":"closed","template":"","meta":{"inline_featured_image":false,"footnotes":""},"class_list":["post-80","page","type-page","status-publish","hentry"],"yoast_head":"<!-- This site is optimized with the Yoast SEO plugin v27.4 - https:\/\/yoast.com\/product\/yoast-seo-wordpress\/ -->\n<title>Foulards - Myl\u00e8ne Cauchefer<\/title>\n<meta name=\"robots\" content=\"index, follow, max-snippet:-1, max-image-preview:large, max-video-preview:-1\" \/>\n<link rel=\"canonical\" href=\"https:\/\/www.mylenecauchefer.com\/index.php\/foulards\/\" \/>\n<meta property=\"og:locale\" content=\"en_US\" \/>\n<meta property=\"og:type\" content=\"article\" \/>\n<meta property=\"og:title\" content=\"Foulards - Myl\u00e8ne Cauchefer\" \/>\n<meta property=\"og:description\" content=\"Impression botanique de plantes et fleurs sur foulard en soie. Mes foulards sont imprim\u00e9s de mani\u00e8re naturelle et artisanale dans mon atelier \u00e0 Toulouse. Le proc\u00e9d\u00e9 de l&#8217;eco-print permet une empreinte durable sur la soie en utilisant exclusivement des plantes, fleurs et v\u00e9g\u00e9taux.\u00a0 Chaque foulard est une pi\u00e8ce unique ! Vous aimez mes foulards ? [&hellip;]\" \/>\n<meta property=\"og:url\" content=\"https:\/\/www.mylenecauchefer.com\/index.php\/foulards\/\" \/>\n<meta property=\"og:site_name\" content=\"Myl\u00e8ne Cauchefer\" \/>\n<meta property=\"article:modified_time\" content=\"2025-05-23T12:25:52+00:00\" \/>\n<meta name=\"twitter:card\" content=\"summary_large_image\" \/>\n<meta name=\"twitter:label1\" content=\"Est. reading time\" \/>\n\t<meta name=\"twitter:data1\" content=\"1 minute\" \/>\n<script type=\"application\/ld+json\" class=\"yoast-schema-graph\">{\"@context\":\"https:\\\/\\\/schema.org\",\"@graph\":[{\"@type\":\"WebPage\",\"@id\":\"https:\\\/\\\/www.mylenecauchefer.com\\\/index.php\\\/foulards\\\/\",\"url\":\"https:\\\/\\\/www.mylenecauchefer.com\\\/index.php\\\/foulards\\\/\",\"name\":\"Foulards - Myl\u00e8ne Cauchefer\",\"isPartOf\":{\"@id\":\"https:\\\/\\\/www.mylenecauchefer.com\\\/#website\"},\"datePublished\":\"2025-01-17T13:50:26+00:00\",\"dateModified\":\"2025-05-23T12:25:52+00:00\",\"breadcrumb\":{\"@id\":\"https:\\\/\\\/www.mylenecauchefer.com\\\/index.php\\\/foulards\\\/#breadcrumb\"},\"inLanguage\":\"en-US\",\"potentialAction\":[{\"@type\":\"ReadAction\",\"target\":[\"https:\\\/\\\/www.mylenecauchefer.com\\\/index.php\\\/foulards\\\/\"]}]},{\"@type\":\"BreadcrumbList\",\"@id\":\"https:\\\/\\\/www.mylenecauchefer.com\\\/index.php\\\/foulards\\\/#breadcrumb\",\"itemListElement\":[{\"@type\":\"ListItem\",\"position\":1,\"name\":\"Accueil\",\"item\":\"https:\\\/\\\/www.mylenecauchefer.com\\\/\"},{\"@type\":\"ListItem\",\"position\":2,\"name\":\"Foulards\"}]},{\"@type\":\"WebSite\",\"@id\":\"https:\\\/\\\/www.mylenecauchefer.com\\\/#website\",\"url\":\"https:\\\/\\\/www.mylenecauchefer.com\\\/\",\"name\":\"Myl\u00e8ne Cauchefer\",\"description\":\"Un site utilisant WordPress\",\"potentialAction\":[{\"@type\":\"SearchAction\",\"target\":{\"@type\":\"EntryPoint\",\"urlTemplate\":\"https:\\\/\\\/www.mylenecauchefer.com\\\/?s={search_term_string}\"},\"query-input\":{\"@type\":\"PropertyValueSpecification\",\"valueRequired\":true,\"valueName\":\"search_term_string\"}}],\"inLanguage\":\"en-US\"}]}<\/script>\n<!-- \/ Yoast SEO plugin. -->","yoast_head_json":{"title":"Foulards - Myl\u00e8ne Cauchefer","robots":{"index":"index","follow":"follow","max-snippet":"max-snippet:-1","max-image-preview":"max-image-preview:large","max-video-preview":"max-video-preview:-1"},"canonical":"https:\/\/www.mylenecauchefer.com\/index.php\/foulards\/","og_locale":"en_US","og_type":"article","og_title":"Foulards - Myl\u00e8ne Cauchefer","og_description":"Impression botanique de plantes et fleurs sur foulard en soie. Mes foulards sont imprim\u00e9s de mani\u00e8re naturelle et artisanale dans mon atelier \u00e0 Toulouse. Le proc\u00e9d\u00e9 de l&#8217;eco-print permet une empreinte durable sur la soie en utilisant exclusivement des plantes, fleurs et v\u00e9g\u00e9taux.\u00a0 Chaque foulard est une pi\u00e8ce unique ! Vous aimez mes foulards ? [&hellip;]","og_url":"https:\/\/www.mylenecauchefer.com\/index.php\/foulards\/","og_site_name":"Myl\u00e8ne Cauchefer","article_modified_time":"2025-05-23T12:25:52+00:00","twitter_card":"summary_large_image","twitter_misc":{"Est. reading time":"1 minute"},"schema":{"@context":"https:\/\/schema.org","@graph":[{"@type":"WebPage","@id":"https:\/\/www.mylenecauchefer.com\/index.php\/foulards\/","url":"https:\/\/www.mylenecauchefer.com\/index.php\/foulards\/","name":"Foulards - Myl\u00e8ne Cauchefer","isPartOf":{"@id":"https:\/\/www.mylenecauchefer.com\/#website"},"datePublished":"2025-01-17T13:50:26+00:00","dateModified":"2025-05-23T12:25:52+00:00","breadcrumb":{"@id":"https:\/\/www.mylenecauchefer.com\/index.php\/foulards\/#breadcrumb"},"inLanguage":"en-US","potentialAction":[{"@type":"ReadAction","target":["https:\/\/www.mylenecauchefer.com\/index.php\/foulards\/"]}]},{"@type":"BreadcrumbList","@id":"https:\/\/www.mylenecauchefer.com\/index.php\/foulards\/#breadcrumb","itemListElement":[{"@type":"ListItem","position":1,"name":"Accueil","item":"https:\/\/www.mylenecauchefer.com\/"},{"@type":"ListItem","position":2,"name":"Foulards"}]},{"@type":"WebSite","@id":"https:\/\/www.mylenecauchefer.com\/#website","url":"https:\/\/www.mylenecauchefer.com\/","name":"Myl\u00e8ne Cauchefer","description":"Un site utilisant WordPress","potentialAction":[{"@type":"SearchAction","target":{"@type":"EntryPoint","urlTemplate":"https:\/\/www.mylenecauchefer.com\/?s={search_term_string}"},"query-input":{"@type":"PropertyValueSpecification","valueRequired":true,"valueName":"search_term_string"}}],"inLanguage":"en-US"}]}},"_links":{"self":[{"href":"https:\/\/www.mylenecauchefer.com\/index.php\/wp-json\/wp\/v2\/pages\/80","targetHints":{"allow":["GET"]}}],"collection":[{"href":"https:\/\/www.mylenecauchefer.com\/index.php\/wp-json\/wp\/v2\/pages"}],"about":[{"href":"https:\/\/www.mylenecauchefer.com\/index.php\/wp-json\/wp\/v2\/types\/page"}],"author":[{"embeddable":true,"href":"https:\/\/www.mylenecauchefer.com\/index.php\/wp-json\/wp\/v2\/users\/1"}],"replies":[{"embeddable":true,"href":"https:\/\/www.mylenecauchefer.com\/index.php\/wp-json\/wp\/v2\/comments?post=80"}],"version-history":[{"count":92,"href":"https:\/\/www.mylenecauchefer.com\/index.php\/wp-json\/wp\/v2\/pages\/80\/revisions"}],"predecessor-version":[{"id":1767,"href":"https:\/\/www.mylenecauchefer.com\/index.php\/wp-json\/wp\/v2\/pages\/80\/revisions\/1767"}],"wp:attachment":[{"href":"https:\/\/www.mylenecauchefer.com\/index.php\/wp-json\/wp\/v2\/media?parent=80"}],"curies":[{"name":"wp","href":"https:\/\/api.w.org\/{rel}","templated":true}]}}