{"id":23,"date":"2025-01-13T18:51:34","date_gmt":"2025-01-13T17:51:34","guid":{"rendered":"http:\/\/www.mylenecauchefer.com\/?page_id=23"},"modified":"2025-05-21T09:52:27","modified_gmt":"2025-05-21T07:52:27","slug":"contact","status":"publish","type":"page","link":"https:\/\/www.mylenecauchefer.com\/index.php\/contact\/","title":{"rendered":"Contact"},"content":{"rendered":"\t\t<div data-elementor-type=\"wp-page\" data-elementor-id=\"23\" class=\"elementor elementor-23\" data-elementor-post-type=\"page\">\n\t\t\t\t<div class=\"elementor-element elementor-element-c9380a2 e-flex e-con-boxed e-con e-parent\" data-id=\"c9380a2\" data-element_type=\"container\" data-e-type=\"container\">\n\t\t\t\t\t<div class=\"e-con-inner\">\n\t\t<div class=\"elementor-element elementor-element-6f4574f e-con-full e-flex e-con e-child\" data-id=\"6f4574f\" data-element_type=\"container\" data-e-type=\"container\">\n\t\t<div class=\"elementor-element elementor-element-87e1a54 e-con-full e-flex e-con e-child\" data-id=\"87e1a54\" data-element_type=\"container\" data-e-type=\"container\" data-settings=\"{&quot;background_background&quot;:&quot;classic&quot;}\">\n\t\t\t\t<\/div>\n\t\t<div class=\"elementor-element elementor-element-9d3f1c2 e-con-full e-flex e-con e-child\" data-id=\"9d3f1c2\" data-element_type=\"container\" data-e-type=\"container\">\n\t\t\t\t<div class=\"elementor-element elementor-element-867e15e elementor-widget elementor-widget-heading\" data-id=\"867e15e\" data-element_type=\"widget\" data-e-type=\"widget\" data-widget_type=\"heading.default\">\n\t\t\t\t<div class=\"elementor-widget-container\">\n\t\t\t\t\t<h1 class=\"elementor-heading-title elementor-size-default\">Contact<\/h1>\t\t\t\t<\/div>\n\t\t\t\t<\/div>\n\t\t\t\t<div class=\"elementor-element elementor-element-d8fc911 elementor-widget elementor-widget-text-editor\" data-id=\"d8fc911\" data-element_type=\"widget\" data-e-type=\"widget\" data-widget_type=\"text-editor.default\">\n\t\t\t\t<div class=\"elementor-widget-container\">\n\t\t\t\t\t\t\t\t\t<p>Pour toute question, n&#8217;h\u00e9sitez pas \u00e0 m&#8217;\u00e9crire :<br \/><strong><a href=\"&#x6d;&#97;&#x69;&#108;t&#x6f;&#58;m&#x79;&#108;&#x65;&#x6e;e&#x63;&#97;u&#x63;&#104;&#x65;&#x66;e&#x72;&#64;g&#x6d;&#97;i&#x6c;&#46;&#x63;&#111;m\">&#109;&#x79;l&#101;&#x6e;e&#x63;&#x61;&#117;&#x63;h&#101;&#x66;e&#114;&#x40;&#103;&#x6d;a&#105;&#x6c;&#46;&#99;&#x6f;&#109;<\/a><\/strong><\/p>\t\t\t\t\t\t\t\t<\/div>\n\t\t\t\t<\/div>\n\t\t\t\t<div class=\"elementor-element elementor-element-81fb678 elementor-widget elementor-widget-text-editor\" data-id=\"81fb678\" data-element_type=\"widget\" data-e-type=\"widget\" data-widget_type=\"text-editor.default\">\n\t\t\t\t<div class=\"elementor-widget-container\">\n\t\t\t\t\t\t\t\t\t<strong>L&#8217;ATELIER\n<\/strong><br>\n120 rue Achille Viadieu<br>\n31400 Toulouse (France)\t\t\t\t\t\t\t\t<\/div>\n\t\t\t\t<\/div>\n\t\t\t\t<div class=\"elementor-element elementor-element-08e31b5 elementor-widget elementor-widget-text-editor\" data-id=\"08e31b5\" data-element_type=\"widget\" data-e-type=\"widget\" data-widget_type=\"text-editor.default\">\n\t\t\t\t<div class=\"elementor-widget-container\">\n\t\t\t\t\t\t\t\t\t<p>Concernant les cours de couture, vous trouverez toutes les infos sur <a href=\"https:\/\/idealistsdontstop.com\/\" target=\"_blank\" rel=\"noopener\">www.idealistsdontstop.com<\/a><\/p>\t\t\t\t\t\t\t\t<\/div>\n\t\t\t\t<\/div>\n\t\t\t\t<\/div>\n\t\t\t\t<\/div>\n\t\t\t\t\t<\/div>\n\t\t\t\t<\/div>\n\t\t\t\t<\/div>\n\t\t","protected":false},"excerpt":{"rendered":"<p>Contact Pour toute question, n&#8217;h\u00e9sitez pas \u00e0 m&#8217;\u00e9crire :&#x6d;&#x79;&#x6c;&#101;&#110;&#101;ca&#x75;&#x63;&#x68;&#x65;&#102;&#101;r&#64;&#x67;&#x6d;&#x61;&#x69;&#108;&#46;co&#x6d; L&#8217;ATELIER 120 rue Achille Viadieu 31400 Toulouse (France) Concernant les cours de couture, vous trouverez toutes les infos sur www.idealistsdontstop.com<\/p>\n","protected":false},"author":1,"featured_media":0,"parent":0,"menu_order":0,"comment_status":"closed","ping_status":"closed","template":"","meta":{"inline_featured_image":false,"footnotes":""},"class_list":["post-23","page","type-page","status-publish","hentry"],"yoast_head":"<!-- This site is optimized with the Yoast SEO plugin v27.5 - https:\/\/yoast.com\/product\/yoast-seo-wordpress\/ -->\n<title>Contact - Myl\u00e8ne Cauchefer<\/title>\n<meta name=\"robots\" content=\"index, follow, max-snippet:-1, max-image-preview:large, max-video-preview:-1\" \/>\n<link rel=\"canonical\" href=\"https:\/\/www.mylenecauchefer.com\/index.php\/contact\/\" \/>\n<meta property=\"og:locale\" content=\"en_US\" \/>\n<meta property=\"og:type\" content=\"article\" \/>\n<meta property=\"og:title\" content=\"Contact - Myl\u00e8ne Cauchefer\" \/>\n<meta property=\"og:description\" content=\"Contact Pour toute question, n&#8217;h\u00e9sitez pas \u00e0 m&#8217;\u00e9crire :m&#121;&#108;&#x65;&#x6e;&#x65;c&#097;&#117;&#x63;&#x68;&#x65;fe&#114;&#x40;&#x67;&#x6d;ai&#108;&#046;&#x63;&#x6f;&#x6d; L&#8217;ATELIER 120 rue Achille Viadieu 31400 Toulouse (France) Concernant les cours de couture, vous trouverez toutes les infos sur www.idealistsdontstop.com\" \/>\n<meta property=\"og:url\" content=\"https:\/\/www.mylenecauchefer.com\/index.php\/contact\/\" \/>\n<meta property=\"og:site_name\" content=\"Myl\u00e8ne Cauchefer\" \/>\n<meta property=\"article:modified_time\" content=\"2025-05-21T07:52:27+00:00\" \/>\n<meta name=\"twitter:card\" content=\"summary_large_image\" \/>\n<meta name=\"twitter:label1\" content=\"Est. reading time\" \/>\n\t<meta name=\"twitter:data1\" content=\"1 minute\" \/>\n<script type=\"application\/ld+json\" class=\"yoast-schema-graph\">{\"@context\":\"https:\\\/\\\/schema.org\",\"@graph\":[{\"@type\":\"WebPage\",\"@id\":\"https:\\\/\\\/www.mylenecauchefer.com\\\/index.php\\\/contact\\\/\",\"url\":\"https:\\\/\\\/www.mylenecauchefer.com\\\/index.php\\\/contact\\\/\",\"name\":\"Contact - Myl\u00e8ne Cauchefer\",\"isPartOf\":{\"@id\":\"https:\\\/\\\/www.mylenecauchefer.com\\\/#website\"},\"datePublished\":\"2025-01-13T17:51:34+00:00\",\"dateModified\":\"2025-05-21T07:52:27+00:00\",\"breadcrumb\":{\"@id\":\"https:\\\/\\\/www.mylenecauchefer.com\\\/index.php\\\/contact\\\/#breadcrumb\"},\"inLanguage\":\"en-US\",\"potentialAction\":[{\"@type\":\"ReadAction\",\"target\":[\"https:\\\/\\\/www.mylenecauchefer.com\\\/index.php\\\/contact\\\/\"]}]},{\"@type\":\"BreadcrumbList\",\"@id\":\"https:\\\/\\\/www.mylenecauchefer.com\\\/index.php\\\/contact\\\/#breadcrumb\",\"itemListElement\":[{\"@type\":\"ListItem\",\"position\":1,\"name\":\"Accueil\",\"item\":\"https:\\\/\\\/www.mylenecauchefer.com\\\/\"},{\"@type\":\"ListItem\",\"position\":2,\"name\":\"Contact\"}]},{\"@type\":\"WebSite\",\"@id\":\"https:\\\/\\\/www.mylenecauchefer.com\\\/#website\",\"url\":\"https:\\\/\\\/www.mylenecauchefer.com\\\/\",\"name\":\"Myl\u00e8ne Cauchefer\",\"description\":\"Un site utilisant WordPress\",\"potentialAction\":[{\"@type\":\"SearchAction\",\"target\":{\"@type\":\"EntryPoint\",\"urlTemplate\":\"https:\\\/\\\/www.mylenecauchefer.com\\\/?s={search_term_string}\"},\"query-input\":{\"@type\":\"PropertyValueSpecification\",\"valueRequired\":true,\"valueName\":\"search_term_string\"}}],\"inLanguage\":\"en-US\"}]}<\/script>\n<!-- \/ Yoast SEO plugin. -->","yoast_head_json":{"title":"Contact - Myl\u00e8ne Cauchefer","robots":{"index":"index","follow":"follow","max-snippet":"max-snippet:-1","max-image-preview":"max-image-preview:large","max-video-preview":"max-video-preview:-1"},"canonical":"https:\/\/www.mylenecauchefer.com\/index.php\/contact\/","og_locale":"en_US","og_type":"article","og_title":"Contact - Myl\u00e8ne Cauchefer","og_description":"Contact Pour toute question, n&#8217;h\u00e9sitez pas \u00e0 m&#8217;\u00e9crire :m&#121;&#108;&#x65;&#x6e;&#x65;c&#97;&#117;&#x63;&#x68;&#x65;fe&#114;&#x40;&#x67;&#x6d;ai&#108;&#46;&#x63;&#x6f;&#x6d; L&#8217;ATELIER 120 rue Achille Viadieu 31400 Toulouse (France) Concernant les cours de couture, vous trouverez toutes les infos sur www.idealistsdontstop.com","og_url":"https:\/\/www.mylenecauchefer.com\/index.php\/contact\/","og_site_name":"Myl\u00e8ne Cauchefer","article_modified_time":"2025-05-21T07:52:27+00:00","twitter_card":"summary_large_image","twitter_misc":{"Est. reading time":"1 minute"},"schema":{"@context":"https:\/\/schema.org","@graph":[{"@type":"WebPage","@id":"https:\/\/www.mylenecauchefer.com\/index.php\/contact\/","url":"https:\/\/www.mylenecauchefer.com\/index.php\/contact\/","name":"Contact - Myl\u00e8ne Cauchefer","isPartOf":{"@id":"https:\/\/www.mylenecauchefer.com\/#website"},"datePublished":"2025-01-13T17:51:34+00:00","dateModified":"2025-05-21T07:52:27+00:00","breadcrumb":{"@id":"https:\/\/www.mylenecauchefer.com\/index.php\/contact\/#breadcrumb"},"inLanguage":"en-US","potentialAction":[{"@type":"ReadAction","target":["https:\/\/www.mylenecauchefer.com\/index.php\/contact\/"]}]},{"@type":"BreadcrumbList","@id":"https:\/\/www.mylenecauchefer.com\/index.php\/contact\/#breadcrumb","itemListElement":[{"@type":"ListItem","position":1,"name":"Accueil","item":"https:\/\/www.mylenecauchefer.com\/"},{"@type":"ListItem","position":2,"name":"Contact"}]},{"@type":"WebSite","@id":"https:\/\/www.mylenecauchefer.com\/#website","url":"https:\/\/www.mylenecauchefer.com\/","name":"Myl\u00e8ne Cauchefer","description":"Un site utilisant WordPress","potentialAction":[{"@type":"SearchAction","target":{"@type":"EntryPoint","urlTemplate":"https:\/\/www.mylenecauchefer.com\/?s={search_term_string}"},"query-input":{"@type":"PropertyValueSpecification","valueRequired":true,"valueName":"search_term_string"}}],"inLanguage":"en-US"}]}},"_links":{"self":[{"href":"https:\/\/www.mylenecauchefer.com\/index.php\/wp-json\/wp\/v2\/pages\/23","targetHints":{"allow":["GET"]}}],"collection":[{"href":"https:\/\/www.mylenecauchefer.com\/index.php\/wp-json\/wp\/v2\/pages"}],"about":[{"href":"https:\/\/www.mylenecauchefer.com\/index.php\/wp-json\/wp\/v2\/types\/page"}],"author":[{"embeddable":true,"href":"https:\/\/www.mylenecauchefer.com\/index.php\/wp-json\/wp\/v2\/users\/1"}],"replies":[{"embeddable":true,"href":"https:\/\/www.mylenecauchefer.com\/index.php\/wp-json\/wp\/v2\/comments?post=23"}],"version-history":[{"count":145,"href":"https:\/\/www.mylenecauchefer.com\/index.php\/wp-json\/wp\/v2\/pages\/23\/revisions"}],"predecessor-version":[{"id":1725,"href":"https:\/\/www.mylenecauchefer.com\/index.php\/wp-json\/wp\/v2\/pages\/23\/revisions\/1725"}],"wp:attachment":[{"href":"https:\/\/www.mylenecauchefer.com\/index.php\/wp-json\/wp\/v2\/media?parent=23"}],"curies":[{"name":"wp","href":"https:\/\/api.w.org\/{rel}","templated":true}]}}