{"id":1628,"date":"2025-05-20T11:26:58","date_gmt":"2025-05-20T09:26:58","guid":{"rendered":"https:\/\/www.mylenecauchefer.com\/?page_id=1628"},"modified":"2025-05-22T15:16:57","modified_gmt":"2025-05-22T13:16:57","slug":"mentions-legales","status":"publish","type":"page","link":"https:\/\/www.mylenecauchefer.com\/index.php\/mentions-legales\/","title":{"rendered":"Mentions l\u00e9gales"},"content":{"rendered":"\t\t<div data-elementor-type=\"wp-page\" data-elementor-id=\"1628\" class=\"elementor elementor-1628\" data-elementor-post-type=\"page\">\n\t\t\t\t<div class=\"elementor-element elementor-element-9b2cf94 e-flex e-con-boxed e-con e-parent\" data-id=\"9b2cf94\" data-element_type=\"container\" data-e-type=\"container\">\n\t\t\t\t\t<div class=\"e-con-inner\">\n\t\t<div class=\"elementor-element elementor-element-3741134 e-con-full e-flex e-con e-child\" data-id=\"3741134\" data-element_type=\"container\" data-e-type=\"container\">\n\t\t\t\t<\/div>\n\t\t<div class=\"elementor-element elementor-element-2ff5c11 e-con-full e-flex e-con e-child\" data-id=\"2ff5c11\" data-element_type=\"container\" data-e-type=\"container\">\n\t\t<div class=\"elementor-element elementor-element-2321f8c e-con-full e-flex e-con e-child\" data-id=\"2321f8c\" data-element_type=\"container\" data-e-type=\"container\">\n\t\t\t\t<div class=\"elementor-element elementor-element-a5aa56e elementor-widget elementor-widget-text-editor\" data-id=\"a5aa56e\" data-element_type=\"widget\" data-e-type=\"widget\" data-widget_type=\"text-editor.default\">\n\t\t\t\t<div class=\"elementor-widget-container\">\n\t\t\t\t\t\t\t\t\t<p class=\"Standard\">MYLENE CAUCHEFER<br \/>&#x6d;y&#x6c;&#101;&#x6e;&#101;c&#x61;&#117;&#x63;&#104;e&#x66;&#101;&#x72;&#64;g&#x6d;a&#x69;&#108;&#x2e;&#x63;o&#x6d;<\/p><p class=\"Textbody\">Responsable de la publication : Myl\u00e8ne Cauchefer-Guez<\/p><p class=\"Textbody\">Credits photos et vid\u00e9os :\u00a0 Virginie Sannier, Elisa Bonnet, Myl\u00e8ne Cauchefer<\/p><p class=\"Textbody\">H\u00e9bergement : OVH SAS \/ 2 rue Kellermann \/ 59100 Roubaix \/ France<\/p><p class=\"Textbody\">La responsabilit\u00e9 de Myl\u00e8ne Cauchefer ne pourra pas \u00eatre engag\u00e9e au regard du contenu et du fonctionnement de sites tiers (vers des liens externes).<br \/>Ce site, ainsi que tous les \u00e9l\u00e9ments qui le composent, sont prot\u00e9g\u00e9s par le droit d\u2019auteur. Toutes les images, vid\u00e9os et photographies pr\u00e9sent\u00e9es sur le site sont la propri\u00e9t\u00e9 de MYLENE CAUCHEFER, sauf mention sp\u00e9ciale.<br \/>\u2013 les informations que vous communiquez, via le formulaire de newsletter, sont destin\u00e9es \u00e0 MYLENE CAUCHEFER, en tant que responsable de traitement, \u00e0 des fins administratives et commerciales.<br \/>\u2013 MYLENE CAUCHEFER s\u2019engage \u00e0 respecter votre vie priv\u00e9e et \u00e0 prot\u00e9ger les informations que vous lui communiquez.<\/p>\t\t\t\t\t\t\t\t<\/div>\n\t\t\t\t<\/div>\n\t\t\t\t<\/div>\n\t\t\t\t<\/div>\n\t\t\t\t\t<\/div>\n\t\t\t\t<\/div>\n\t\t\t\t<\/div>\n\t\t","protected":false},"excerpt":{"rendered":"<p>MYLENE CAUCHEFERmyl&#101;&#110;&#101;&#99;&#x61;&#x75;&#x63;&#x68;&#x65;&#x66;&#x65;r&#64;g&#109;&#97;&#105;&#108;&#46;&#x63;&#x6f;&#x6d; Responsable de la publication : Myl\u00e8ne Cauchefer-Guez Credits photos et vid\u00e9os :\u00a0 Virginie Sannier, Elisa Bonnet, Myl\u00e8ne Cauchefer H\u00e9bergement : OVH SAS \/ 2 rue Kellermann \/ 59100 Roubaix \/ France La responsabilit\u00e9 de Myl\u00e8ne Cauchefer ne pourra pas \u00eatre engag\u00e9e au regard du contenu et du fonctionnement de sites tiers (vers des [&hellip;]<\/p>\n","protected":false},"author":1,"featured_media":0,"parent":0,"menu_order":0,"comment_status":"closed","ping_status":"closed","template":"","meta":{"inline_featured_image":false,"footnotes":""},"class_list":["post-1628","page","type-page","status-publish","hentry"],"yoast_head":"<!-- This site is optimized with the Yoast SEO plugin v27.4 - https:\/\/yoast.com\/product\/yoast-seo-wordpress\/ -->\n<title>Mentions l\u00e9gales - Myl\u00e8ne Cauchefer<\/title>\n<meta name=\"robots\" content=\"index, follow, max-snippet:-1, max-image-preview:large, max-video-preview:-1\" \/>\n<link rel=\"canonical\" href=\"https:\/\/www.mylenecauchefer.com\/index.php\/mentions-legales\/\" \/>\n<meta property=\"og:locale\" content=\"en_US\" \/>\n<meta property=\"og:type\" content=\"article\" \/>\n<meta property=\"og:title\" content=\"Mentions l\u00e9gales - Myl\u00e8ne Cauchefer\" \/>\n<meta property=\"og:description\" content=\"MYLENE CAUCHEFER&#109;y&#108;e&#110;e&#x63;a&#x75;c&#x68;e&#x66;e&#x72;&#064;&#x67;m&#x61;i&#x6c;&#046;&#x63;o&#x6d; Responsable de la publication : Myl\u00e8ne Cauchefer-Guez Credits photos et vid\u00e9os :\u00a0 Virginie Sannier, Elisa Bonnet, Myl\u00e8ne Cauchefer H\u00e9bergement : OVH SAS \/ 2 rue Kellermann \/ 59100 Roubaix \/ France La responsabilit\u00e9 de Myl\u00e8ne Cauchefer ne pourra pas \u00eatre engag\u00e9e au regard du contenu et du fonctionnement de sites tiers (vers des [&hellip;]\" \/>\n<meta property=\"og:url\" content=\"https:\/\/www.mylenecauchefer.com\/index.php\/mentions-legales\/\" \/>\n<meta property=\"og:site_name\" content=\"Myl\u00e8ne Cauchefer\" \/>\n<meta property=\"article:modified_time\" content=\"2025-05-22T13:16:57+00:00\" \/>\n<meta name=\"twitter:card\" content=\"summary_large_image\" \/>\n<meta name=\"twitter:label1\" content=\"Est. reading time\" \/>\n\t<meta name=\"twitter:data1\" content=\"1 minute\" \/>\n<script type=\"application\/ld+json\" class=\"yoast-schema-graph\">{\"@context\":\"https:\\\/\\\/schema.org\",\"@graph\":[{\"@type\":\"WebPage\",\"@id\":\"https:\\\/\\\/www.mylenecauchefer.com\\\/index.php\\\/mentions-legales\\\/\",\"url\":\"https:\\\/\\\/www.mylenecauchefer.com\\\/index.php\\\/mentions-legales\\\/\",\"name\":\"Mentions l\u00e9gales - Myl\u00e8ne Cauchefer\",\"isPartOf\":{\"@id\":\"http:\\\/\\\/www.mylenecauchefer.com\\\/#website\"},\"datePublished\":\"2025-05-20T09:26:58+00:00\",\"dateModified\":\"2025-05-22T13:16:57+00:00\",\"breadcrumb\":{\"@id\":\"https:\\\/\\\/www.mylenecauchefer.com\\\/index.php\\\/mentions-legales\\\/#breadcrumb\"},\"inLanguage\":\"en-US\",\"potentialAction\":[{\"@type\":\"ReadAction\",\"target\":[\"https:\\\/\\\/www.mylenecauchefer.com\\\/index.php\\\/mentions-legales\\\/\"]}]},{\"@type\":\"BreadcrumbList\",\"@id\":\"https:\\\/\\\/www.mylenecauchefer.com\\\/index.php\\\/mentions-legales\\\/#breadcrumb\",\"itemListElement\":[{\"@type\":\"ListItem\",\"position\":1,\"name\":\"Accueil\",\"item\":\"http:\\\/\\\/www.mylenecauchefer.com\\\/\"},{\"@type\":\"ListItem\",\"position\":2,\"name\":\"Mentions l\u00e9gales\"}]},{\"@type\":\"WebSite\",\"@id\":\"http:\\\/\\\/www.mylenecauchefer.com\\\/#website\",\"url\":\"http:\\\/\\\/www.mylenecauchefer.com\\\/\",\"name\":\"Myl\u00e8ne Cauchefer\",\"description\":\"Un site utilisant WordPress\",\"potentialAction\":[{\"@type\":\"SearchAction\",\"target\":{\"@type\":\"EntryPoint\",\"urlTemplate\":\"http:\\\/\\\/www.mylenecauchefer.com\\\/?s={search_term_string}\"},\"query-input\":{\"@type\":\"PropertyValueSpecification\",\"valueRequired\":true,\"valueName\":\"search_term_string\"}}],\"inLanguage\":\"en-US\"}]}<\/script>\n<!-- \/ Yoast SEO plugin. -->","yoast_head_json":{"title":"Mentions l\u00e9gales - Myl\u00e8ne Cauchefer","robots":{"index":"index","follow":"follow","max-snippet":"max-snippet:-1","max-image-preview":"max-image-preview:large","max-video-preview":"max-video-preview:-1"},"canonical":"https:\/\/www.mylenecauchefer.com\/index.php\/mentions-legales\/","og_locale":"en_US","og_type":"article","og_title":"Mentions l\u00e9gales - Myl\u00e8ne Cauchefer","og_description":"MYLENE CAUCHEFER&#109;y&#108;e&#110;e&#x63;a&#x75;c&#x68;e&#x66;e&#x72;&#64;&#x67;m&#x61;i&#x6c;&#46;&#x63;o&#x6d; Responsable de la publication : Myl\u00e8ne Cauchefer-Guez Credits photos et vid\u00e9os :\u00a0 Virginie Sannier, Elisa Bonnet, Myl\u00e8ne Cauchefer H\u00e9bergement : OVH SAS \/ 2 rue Kellermann \/ 59100 Roubaix \/ France La responsabilit\u00e9 de Myl\u00e8ne Cauchefer ne pourra pas \u00eatre engag\u00e9e au regard du contenu et du fonctionnement de sites tiers (vers des [&hellip;]","og_url":"https:\/\/www.mylenecauchefer.com\/index.php\/mentions-legales\/","og_site_name":"Myl\u00e8ne Cauchefer","article_modified_time":"2025-05-22T13:16:57+00:00","twitter_card":"summary_large_image","twitter_misc":{"Est. reading time":"1 minute"},"schema":{"@context":"https:\/\/schema.org","@graph":[{"@type":"WebPage","@id":"https:\/\/www.mylenecauchefer.com\/index.php\/mentions-legales\/","url":"https:\/\/www.mylenecauchefer.com\/index.php\/mentions-legales\/","name":"Mentions l\u00e9gales - Myl\u00e8ne Cauchefer","isPartOf":{"@id":"http:\/\/www.mylenecauchefer.com\/#website"},"datePublished":"2025-05-20T09:26:58+00:00","dateModified":"2025-05-22T13:16:57+00:00","breadcrumb":{"@id":"https:\/\/www.mylenecauchefer.com\/index.php\/mentions-legales\/#breadcrumb"},"inLanguage":"en-US","potentialAction":[{"@type":"ReadAction","target":["https:\/\/www.mylenecauchefer.com\/index.php\/mentions-legales\/"]}]},{"@type":"BreadcrumbList","@id":"https:\/\/www.mylenecauchefer.com\/index.php\/mentions-legales\/#breadcrumb","itemListElement":[{"@type":"ListItem","position":1,"name":"Accueil","item":"http:\/\/www.mylenecauchefer.com\/"},{"@type":"ListItem","position":2,"name":"Mentions l\u00e9gales"}]},{"@type":"WebSite","@id":"http:\/\/www.mylenecauchefer.com\/#website","url":"http:\/\/www.mylenecauchefer.com\/","name":"Myl\u00e8ne Cauchefer","description":"Un site utilisant WordPress","potentialAction":[{"@type":"SearchAction","target":{"@type":"EntryPoint","urlTemplate":"http:\/\/www.mylenecauchefer.com\/?s={search_term_string}"},"query-input":{"@type":"PropertyValueSpecification","valueRequired":true,"valueName":"search_term_string"}}],"inLanguage":"en-US"}]}},"_links":{"self":[{"href":"https:\/\/www.mylenecauchefer.com\/index.php\/wp-json\/wp\/v2\/pages\/1628","targetHints":{"allow":["GET"]}}],"collection":[{"href":"https:\/\/www.mylenecauchefer.com\/index.php\/wp-json\/wp\/v2\/pages"}],"about":[{"href":"https:\/\/www.mylenecauchefer.com\/index.php\/wp-json\/wp\/v2\/types\/page"}],"author":[{"embeddable":true,"href":"https:\/\/www.mylenecauchefer.com\/index.php\/wp-json\/wp\/v2\/users\/1"}],"replies":[{"embeddable":true,"href":"https:\/\/www.mylenecauchefer.com\/index.php\/wp-json\/wp\/v2\/comments?post=1628"}],"version-history":[{"count":7,"href":"https:\/\/www.mylenecauchefer.com\/index.php\/wp-json\/wp\/v2\/pages\/1628\/revisions"}],"predecessor-version":[{"id":1761,"href":"https:\/\/www.mylenecauchefer.com\/index.php\/wp-json\/wp\/v2\/pages\/1628\/revisions\/1761"}],"wp:attachment":[{"href":"https:\/\/www.mylenecauchefer.com\/index.php\/wp-json\/wp\/v2\/media?parent=1628"}],"curies":[{"name":"wp","href":"https:\/\/api.w.org\/{rel}","templated":true}]}}