{"id":15,"date":"2025-01-13T18:49:52","date_gmt":"2025-01-13T17:49:52","guid":{"rendered":"http:\/\/www.mylenecauchefer.com\/?page_id=15"},"modified":"2025-11-17T11:30:30","modified_gmt":"2025-11-17T10:30:30","slug":"about","status":"publish","type":"page","link":"https:\/\/www.mylenecauchefer.com\/index.php\/about\/","title":{"rendered":"About"},"content":{"rendered":"\t\t<div data-elementor-type=\"wp-page\" data-elementor-id=\"15\" class=\"elementor elementor-15\" data-elementor-post-type=\"page\">\n\t\t\t\t<div class=\"elementor-element elementor-element-266852f e-flex e-con-boxed e-con e-parent\" data-id=\"266852f\" data-element_type=\"container\" data-e-type=\"container\">\n\t\t\t\t\t<div class=\"e-con-inner\">\n\t\t<div class=\"elementor-element elementor-element-ac4769a e-con-full e-flex e-con e-child\" data-id=\"ac4769a\" data-element_type=\"container\" data-e-type=\"container\">\n\t\t<div class=\"elementor-element elementor-element-7eed0de e-con-full e-flex e-con e-child\" data-id=\"7eed0de\" data-element_type=\"container\" data-e-type=\"container\" data-settings=\"{&quot;background_background&quot;:&quot;classic&quot;}\">\n\t\t<div class=\"elementor-element elementor-element-4d81484 e-con-full e-flex e-con e-child\" data-id=\"4d81484\" data-element_type=\"container\" data-e-type=\"container\" data-settings=\"{&quot;background_background&quot;:&quot;classic&quot;}\">\n\t\t\t\t<\/div>\n\t\t\t\t<\/div>\n\t\t<div class=\"elementor-element elementor-element-8fe03db e-con-full e-flex e-con e-child\" data-id=\"8fe03db\" data-element_type=\"container\" data-e-type=\"container\">\n\t\t\t\t<div class=\"elementor-element elementor-element-6973d73 elementor-widget elementor-widget-heading\" data-id=\"6973d73\" data-element_type=\"widget\" data-e-type=\"widget\" data-widget_type=\"heading.default\">\n\t\t\t\t<div class=\"elementor-widget-container\">\n\t\t\t\t\t<h1 class=\"elementor-heading-title elementor-size-default\">Myl\u00e8ne Cauchefer<\/h1>\t\t\t\t<\/div>\n\t\t\t\t<\/div>\n\t\t\t\t<div class=\"elementor-element elementor-element-ccc3a1e elementor-widget elementor-widget-text-editor\" data-id=\"ccc3a1e\" data-element_type=\"widget\" data-e-type=\"widget\" data-widget_type=\"text-editor.default\">\n\t\t\t\t<div class=\"elementor-widget-container\">\n\t\t\t\t\t\t\t\t\t<p>N\u00e9e en 1978, \u00a0vit et travaille \u00e0 Toulouse, France.<\/p><p>Dipl\u00f4m\u00e9e de l\u2019\u00e9cole de mode parisienne ESMOD en stylisme Mod\u00e9lisme, elle travaille comme styliste pendant plusieurs ann\u00e9es.\u00a0En 2017, elle cr\u00e9e sa marque de textile Idealists Dont Stop (objets textiles s\u00e9rigraphi\u00e9s).<\/p><p>Aujourd&#8217;hui, son travail est plus personnel m\u00e9langeant art et savoir-faire artisanaux.<\/p><p>Le tissu est rest\u00e9 son mat\u00e9riau de pr\u00e9dilection, fa\u00e7onn\u00e9, sculpt\u00e9, assembl\u00e9, drap\u00e9 ou flottant tel un \u00e9tendard. Elle en explore l\u2019expressivit\u00e9 et lui invente un langage.<\/p><p>\u00ab Mon travail est anim\u00e9 par une exploration des formes, des couleurs, des motifs et aliment\u00e9 par des r\u00e9flexions soci\u00e9tales,\u00a0 philosophiques et intime. Questionner le monde, nos pratiques, notre destin\u00e9e humaine et notre capacit\u00e9 \u00e0 vivre ensemble est au c\u0153ur de ma recherche \u00bb.<\/p><p>Elle est Artisan d&#8217;art et membre de l&#8217;association ISINA (teinture v\u00e9g\u00e9tale et impression naturelle)<\/p><p>Elle anime aussi des cours de couture pour adultes et enfants dans son atelier \u00e0 Toulouse www.idealistsdontstop.com<\/p>\t\t\t\t\t\t\t\t<\/div>\n\t\t\t\t<\/div>\n\t\t\t\t<\/div>\n\t\t\t\t<\/div>\n\t\t<div class=\"elementor-element elementor-element-8a30ba5 e-con-full e-flex e-con e-child\" data-id=\"8a30ba5\" data-element_type=\"container\" data-e-type=\"container\">\n\t\t<div class=\"elementor-element elementor-element-aff038c e-con-full elementor-hidden-mobile e-flex e-con e-child\" data-id=\"aff038c\" data-element_type=\"container\" data-e-type=\"container\" data-settings=\"{&quot;background_background&quot;:&quot;classic&quot;}\">\n\t\t\t\t<\/div>\n\t\t<div class=\"elementor-element elementor-element-5b1269a e-con-full e-flex e-con e-child\" data-id=\"5b1269a\" data-element_type=\"container\" data-e-type=\"container\">\n\t\t\t\t<div class=\"elementor-element elementor-element-cda837a elementor-widget elementor-widget-heading\" data-id=\"cda837a\" data-element_type=\"widget\" data-e-type=\"widget\" data-widget_type=\"heading.default\">\n\t\t\t\t<div class=\"elementor-widget-container\">\n\t\t\t\t\t<h2 class=\"elementor-heading-title elementor-size-default\">Expositions<\/h2>\t\t\t\t<\/div>\n\t\t\t\t<\/div>\n\t\t\t\t<div class=\"elementor-element elementor-element-a0ac7a7 elementor-widget elementor-widget-text-editor\" data-id=\"a0ac7a7\" data-element_type=\"widget\" data-e-type=\"widget\" data-widget_type=\"text-editor.default\">\n\t\t\t\t<div class=\"elementor-widget-container\">\n\t\t\t\t\t\t\t\t\t<p>2025<\/p><ul><li>Exposition collective &#8220;S&#8217;imaginer&#8221;, ISDAT Ecole des Beaux-arts, Toulouse<\/li><\/ul><p>2024<\/p><ul><li>Exposition personnelle &#8220;La Timidit\u00e9 des C\u00eemes&#8221;, Salon des Loisirs cr\u00e9atifs &amp; du textile, MEET, Toulouse<\/li><li>Exposition collective &#8220;D&#8217;apr\u00e8s nature&#8221;, La chapelle des Cordeliers, Toulouse<\/li><li>Exposition collective &#8220;Nature II&#8221;, Biblioth\u00e8que des Beaux-Arts, Toulouse<\/li><\/ul>\t\t\t\t\t\t\t\t<\/div>\n\t\t\t\t<\/div>\n\t\t\t\t<div class=\"elementor-element elementor-element-79d4172 elementor-widget elementor-widget-text-editor\" data-id=\"79d4172\" data-element_type=\"widget\" data-e-type=\"widget\" data-widget_type=\"text-editor.default\">\n\t\t\t\t<div class=\"elementor-widget-container\">\n\t\t\t\t\t\t\t\t\t<p>2023<\/p><ul><li>Exposition collective &#8220;Histoires de dessein&#8221;, La chapelle des Cordeliers, Toulouse<\/li><li>Performance dans\u00e9e avec le collectif &#8220;Experimentale Body&#8221;, Toulouse<\/li><\/ul>\t\t\t\t\t\t\t\t<\/div>\n\t\t\t\t<\/div>\n\t\t\t\t<\/div>\n\t\t\t\t<\/div>\n\t\t<div class=\"elementor-element elementor-element-9349fbb e-con-full e-flex e-con e-child\" data-id=\"9349fbb\" data-element_type=\"container\" data-e-type=\"container\">\n\t\t<div class=\"elementor-element elementor-element-6b743fd e-con-full elementor-hidden-mobile e-flex e-con e-child\" data-id=\"6b743fd\" data-element_type=\"container\" data-e-type=\"container\" data-settings=\"{&quot;background_background&quot;:&quot;classic&quot;}\">\n\t\t\t\t<\/div>\n\t\t<div class=\"elementor-element elementor-element-f61122e e-con-full e-flex e-con e-child\" data-id=\"f61122e\" data-element_type=\"container\" data-e-type=\"container\" data-settings=\"{&quot;background_background&quot;:&quot;classic&quot;}\">\n\t\t\t\t<\/div>\n\t\t<div class=\"elementor-element elementor-element-b1a60b1 e-con-full e-flex e-con e-child\" data-id=\"b1a60b1\" data-element_type=\"container\" data-e-type=\"container\" data-settings=\"{&quot;background_background&quot;:&quot;classic&quot;}\">\n\t\t\t\t<\/div>\n\t\t\t\t<\/div>\n\t\t\t\t\t<\/div>\n\t\t\t\t<\/div>\n\t\t\t\t<\/div>\n\t\t","protected":false},"excerpt":{"rendered":"<p>Myl\u00e8ne Cauchefer N\u00e9e en 1978, \u00a0vit et travaille \u00e0 Toulouse, France. Dipl\u00f4m\u00e9e de l\u2019\u00e9cole de mode parisienne ESMOD en stylisme Mod\u00e9lisme, elle travaille comme styliste pendant plusieurs ann\u00e9es.\u00a0En 2017, elle cr\u00e9e sa marque de textile Idealists Dont Stop (objets textiles s\u00e9rigraphi\u00e9s). Aujourd&#8217;hui, son travail est plus personnel m\u00e9langeant art et savoir-faire artisanaux. Le tissu est [&hellip;]<\/p>\n","protected":false},"author":1,"featured_media":0,"parent":0,"menu_order":0,"comment_status":"closed","ping_status":"closed","template":"","meta":{"inline_featured_image":false,"footnotes":""},"class_list":["post-15","page","type-page","status-publish","hentry"],"yoast_head":"<!-- This site is optimized with the Yoast SEO plugin v27.5 - https:\/\/yoast.com\/product\/yoast-seo-wordpress\/ -->\n<title>About - Myl\u00e8ne Cauchefer<\/title>\n<meta name=\"robots\" content=\"index, follow, max-snippet:-1, max-image-preview:large, max-video-preview:-1\" \/>\n<link rel=\"canonical\" href=\"https:\/\/www.mylenecauchefer.com\/index.php\/about\/\" \/>\n<meta property=\"og:locale\" content=\"en_US\" \/>\n<meta property=\"og:type\" content=\"article\" \/>\n<meta property=\"og:title\" content=\"About - Myl\u00e8ne Cauchefer\" \/>\n<meta property=\"og:description\" content=\"Myl\u00e8ne Cauchefer N\u00e9e en 1978, \u00a0vit et travaille \u00e0 Toulouse, France. Dipl\u00f4m\u00e9e de l\u2019\u00e9cole de mode parisienne ESMOD en stylisme Mod\u00e9lisme, elle travaille comme styliste pendant plusieurs ann\u00e9es.\u00a0En 2017, elle cr\u00e9e sa marque de textile Idealists Dont Stop (objets textiles s\u00e9rigraphi\u00e9s). Aujourd&#8217;hui, son travail est plus personnel m\u00e9langeant art et savoir-faire artisanaux. Le tissu est [&hellip;]\" \/>\n<meta property=\"og:url\" content=\"https:\/\/www.mylenecauchefer.com\/index.php\/about\/\" \/>\n<meta property=\"og:site_name\" content=\"Myl\u00e8ne Cauchefer\" \/>\n<meta property=\"article:modified_time\" content=\"2025-11-17T10:30:30+00:00\" \/>\n<meta name=\"twitter:card\" content=\"summary_large_image\" \/>\n<meta name=\"twitter:label1\" content=\"Est. reading time\" \/>\n\t<meta name=\"twitter:data1\" content=\"2 minutes\" \/>\n<script type=\"application\/ld+json\" class=\"yoast-schema-graph\">{\"@context\":\"https:\\\/\\\/schema.org\",\"@graph\":[{\"@type\":\"WebPage\",\"@id\":\"https:\\\/\\\/www.mylenecauchefer.com\\\/index.php\\\/about\\\/\",\"url\":\"https:\\\/\\\/www.mylenecauchefer.com\\\/index.php\\\/about\\\/\",\"name\":\"About - Myl\u00e8ne Cauchefer\",\"isPartOf\":{\"@id\":\"https:\\\/\\\/www.mylenecauchefer.com\\\/#website\"},\"datePublished\":\"2025-01-13T17:49:52+00:00\",\"dateModified\":\"2025-11-17T10:30:30+00:00\",\"breadcrumb\":{\"@id\":\"https:\\\/\\\/www.mylenecauchefer.com\\\/index.php\\\/about\\\/#breadcrumb\"},\"inLanguage\":\"en-US\",\"potentialAction\":[{\"@type\":\"ReadAction\",\"target\":[\"https:\\\/\\\/www.mylenecauchefer.com\\\/index.php\\\/about\\\/\"]}]},{\"@type\":\"BreadcrumbList\",\"@id\":\"https:\\\/\\\/www.mylenecauchefer.com\\\/index.php\\\/about\\\/#breadcrumb\",\"itemListElement\":[{\"@type\":\"ListItem\",\"position\":1,\"name\":\"Accueil\",\"item\":\"https:\\\/\\\/www.mylenecauchefer.com\\\/\"},{\"@type\":\"ListItem\",\"position\":2,\"name\":\"About\"}]},{\"@type\":\"WebSite\",\"@id\":\"https:\\\/\\\/www.mylenecauchefer.com\\\/#website\",\"url\":\"https:\\\/\\\/www.mylenecauchefer.com\\\/\",\"name\":\"Myl\u00e8ne Cauchefer\",\"description\":\"Un site utilisant WordPress\",\"potentialAction\":[{\"@type\":\"SearchAction\",\"target\":{\"@type\":\"EntryPoint\",\"urlTemplate\":\"https:\\\/\\\/www.mylenecauchefer.com\\\/?s={search_term_string}\"},\"query-input\":{\"@type\":\"PropertyValueSpecification\",\"valueRequired\":true,\"valueName\":\"search_term_string\"}}],\"inLanguage\":\"en-US\"}]}<\/script>\n<!-- \/ Yoast SEO plugin. -->","yoast_head_json":{"title":"About - Myl\u00e8ne Cauchefer","robots":{"index":"index","follow":"follow","max-snippet":"max-snippet:-1","max-image-preview":"max-image-preview:large","max-video-preview":"max-video-preview:-1"},"canonical":"https:\/\/www.mylenecauchefer.com\/index.php\/about\/","og_locale":"en_US","og_type":"article","og_title":"About - Myl\u00e8ne Cauchefer","og_description":"Myl\u00e8ne Cauchefer N\u00e9e en 1978, \u00a0vit et travaille \u00e0 Toulouse, France. Dipl\u00f4m\u00e9e de l\u2019\u00e9cole de mode parisienne ESMOD en stylisme Mod\u00e9lisme, elle travaille comme styliste pendant plusieurs ann\u00e9es.\u00a0En 2017, elle cr\u00e9e sa marque de textile Idealists Dont Stop (objets textiles s\u00e9rigraphi\u00e9s). Aujourd&#8217;hui, son travail est plus personnel m\u00e9langeant art et savoir-faire artisanaux. Le tissu est [&hellip;]","og_url":"https:\/\/www.mylenecauchefer.com\/index.php\/about\/","og_site_name":"Myl\u00e8ne Cauchefer","article_modified_time":"2025-11-17T10:30:30+00:00","twitter_card":"summary_large_image","twitter_misc":{"Est. reading time":"2 minutes"},"schema":{"@context":"https:\/\/schema.org","@graph":[{"@type":"WebPage","@id":"https:\/\/www.mylenecauchefer.com\/index.php\/about\/","url":"https:\/\/www.mylenecauchefer.com\/index.php\/about\/","name":"About - Myl\u00e8ne Cauchefer","isPartOf":{"@id":"https:\/\/www.mylenecauchefer.com\/#website"},"datePublished":"2025-01-13T17:49:52+00:00","dateModified":"2025-11-17T10:30:30+00:00","breadcrumb":{"@id":"https:\/\/www.mylenecauchefer.com\/index.php\/about\/#breadcrumb"},"inLanguage":"en-US","potentialAction":[{"@type":"ReadAction","target":["https:\/\/www.mylenecauchefer.com\/index.php\/about\/"]}]},{"@type":"BreadcrumbList","@id":"https:\/\/www.mylenecauchefer.com\/index.php\/about\/#breadcrumb","itemListElement":[{"@type":"ListItem","position":1,"name":"Accueil","item":"https:\/\/www.mylenecauchefer.com\/"},{"@type":"ListItem","position":2,"name":"About"}]},{"@type":"WebSite","@id":"https:\/\/www.mylenecauchefer.com\/#website","url":"https:\/\/www.mylenecauchefer.com\/","name":"Myl\u00e8ne Cauchefer","description":"Un site utilisant WordPress","potentialAction":[{"@type":"SearchAction","target":{"@type":"EntryPoint","urlTemplate":"https:\/\/www.mylenecauchefer.com\/?s={search_term_string}"},"query-input":{"@type":"PropertyValueSpecification","valueRequired":true,"valueName":"search_term_string"}}],"inLanguage":"en-US"}]}},"_links":{"self":[{"href":"https:\/\/www.mylenecauchefer.com\/index.php\/wp-json\/wp\/v2\/pages\/15","targetHints":{"allow":["GET"]}}],"collection":[{"href":"https:\/\/www.mylenecauchefer.com\/index.php\/wp-json\/wp\/v2\/pages"}],"about":[{"href":"https:\/\/www.mylenecauchefer.com\/index.php\/wp-json\/wp\/v2\/types\/page"}],"author":[{"embeddable":true,"href":"https:\/\/www.mylenecauchefer.com\/index.php\/wp-json\/wp\/v2\/users\/1"}],"replies":[{"embeddable":true,"href":"https:\/\/www.mylenecauchefer.com\/index.php\/wp-json\/wp\/v2\/comments?post=15"}],"version-history":[{"count":169,"href":"https:\/\/www.mylenecauchefer.com\/index.php\/wp-json\/wp\/v2\/pages\/15\/revisions"}],"predecessor-version":[{"id":1880,"href":"https:\/\/www.mylenecauchefer.com\/index.php\/wp-json\/wp\/v2\/pages\/15\/revisions\/1880"}],"wp:attachment":[{"href":"https:\/\/www.mylenecauchefer.com\/index.php\/wp-json\/wp\/v2\/media?parent=15"}],"curies":[{"name":"wp","href":"https:\/\/api.w.org\/{rel}","templated":true}]}}