{"id":82,"date":"2025-01-17T14:50:42","date_gmt":"2025-01-17T13:50:42","guid":{"rendered":"http:\/\/www.mylenecauchefer.com\/?page_id=82"},"modified":"2025-05-23T14:45:34","modified_gmt":"2025-05-23T12:45:34","slug":"criard-pour-crier","status":"publish","type":"page","link":"http:\/\/www.mylenecauchefer.com\/index.php\/criard-pour-crier\/","title":{"rendered":"Criard pour crier"},"content":{"rendered":"\t\t<div data-elementor-type=\"wp-page\" data-elementor-id=\"82\" class=\"elementor elementor-82\" data-elementor-post-type=\"page\">\n\t\t\t\t<div class=\"elementor-element elementor-element-4568110 e-flex e-con-boxed e-con e-parent\" data-id=\"4568110\" data-element_type=\"container\" data-e-type=\"container\">\n\t\t\t\t\t<div class=\"e-con-inner\">\n\t\t<div class=\"elementor-element elementor-element-aa9c923 e-con-full e-flex e-con e-child\" data-id=\"aa9c923\" data-element_type=\"container\" data-e-type=\"container\">\n\t\t\t\t<\/div>\n\t\t<div class=\"elementor-element elementor-element-a107f95 e-con-full e-flex e-con e-child\" data-id=\"a107f95\" data-element_type=\"container\" data-e-type=\"container\">\n\t\t\t\t<div class=\"elementor-element elementor-element-ff8a2ef elementor-widget elementor-widget-spacer\" data-id=\"ff8a2ef\" data-element_type=\"widget\" data-e-type=\"widget\" data-widget_type=\"spacer.default\">\n\t\t\t\t<div class=\"elementor-widget-container\">\n\t\t\t\t\t\t\t<div class=\"elementor-spacer\">\n\t\t\t<div class=\"elementor-spacer-inner\"><\/div>\n\t\t<\/div>\n\t\t\t\t\t\t<\/div>\n\t\t\t\t<\/div>\n\t\t\t\t<\/div>\n\t\t<div class=\"elementor-element elementor-element-f90228a e-con-full e-flex e-con e-child\" data-id=\"f90228a\" data-element_type=\"container\" data-e-type=\"container\">\n\t\t<div class=\"elementor-element elementor-element-74cc3bb e-con-full e-flex e-con e-child\" data-id=\"74cc3bb\" data-element_type=\"container\" data-e-type=\"container\" data-settings=\"{&quot;background_background&quot;:&quot;classic&quot;}\">\n\t\t\t\t<\/div>\n\t\t\t\t<\/div>\n\t\t<div class=\"elementor-element elementor-element-9d2f242 e-con-full e-flex e-con e-child\" data-id=\"9d2f242\" data-element_type=\"container\" data-e-type=\"container\">\n\t\t\t\t<div class=\"elementor-element elementor-element-bbca65b elementor-widget elementor-widget-spacer\" data-id=\"bbca65b\" data-element_type=\"widget\" data-e-type=\"widget\" data-widget_type=\"spacer.default\">\n\t\t\t\t<div class=\"elementor-widget-container\">\n\t\t\t\t\t\t\t<div class=\"elementor-spacer\">\n\t\t\t<div class=\"elementor-spacer-inner\"><\/div>\n\t\t<\/div>\n\t\t\t\t\t\t<\/div>\n\t\t\t\t<\/div>\n\t\t\t\t<\/div>\n\t\t<div class=\"elementor-element elementor-element-52f85bd e-con-full e-flex e-con e-child\" data-id=\"52f85bd\" data-element_type=\"container\" data-e-type=\"container\">\n\t\t<div class=\"elementor-element elementor-element-2d5eea9 e-con-full e-flex e-con e-child\" data-id=\"2d5eea9\" data-element_type=\"container\" data-e-type=\"container\">\n\t\t\t\t<div class=\"elementor-element elementor-element-9a7d9d5 elementor-widget elementor-widget-text-editor\" data-id=\"9a7d9d5\" data-element_type=\"widget\" data-e-type=\"widget\" data-widget_type=\"text-editor.default\">\n\t\t\t\t<div class=\"elementor-widget-container\">\n\t\t\t\t\t\t\t\t\t<p>\u00ab When enough people move together in a common pulse with a common purpose, an amazing force takes over-a power that can renew, inspire, teach, create and heal. \u00bb<\/p><p>\u00ab Quand suffisamment d\u2019individus avancent ensemble en r\u00e9sonance avec un but commun, une puissance incroyable se d\u00e9ploie \u2013 un force capable de renouveler, inspirer, enseigner, cr\u00e9er et gu\u00e9rir. \u00bb<\/p><p>Anna Halprin<\/p>\t\t\t\t\t\t\t\t<\/div>\n\t\t\t\t<\/div>\n\t\t\t\t<\/div>\n\t\t<div class=\"elementor-element elementor-element-c3c54d0 e-con-full e-flex e-con e-child\" data-id=\"c3c54d0\" data-element_type=\"container\" data-e-type=\"container\" data-settings=\"{&quot;background_background&quot;:&quot;classic&quot;}\">\n\t\t\t\t<\/div>\n\t\t<div class=\"elementor-element elementor-element-7f9ea03 e-con-full e-flex e-con e-child\" data-id=\"7f9ea03\" data-element_type=\"container\" data-e-type=\"container\">\n\t\t\t\t<\/div>\n\t\t\t\t<\/div>\n\t\t<div class=\"elementor-element elementor-element-328eb23 e-con-full e-flex e-con e-child\" data-id=\"328eb23\" data-element_type=\"container\" data-e-type=\"container\">\n\t\t\t\t<div class=\"elementor-element elementor-element-aece51c elementor-widget elementor-widget-spacer\" data-id=\"aece51c\" data-element_type=\"widget\" data-e-type=\"widget\" data-widget_type=\"spacer.default\">\n\t\t\t\t<div class=\"elementor-widget-container\">\n\t\t\t\t\t\t\t<div class=\"elementor-spacer\">\n\t\t\t<div class=\"elementor-spacer-inner\"><\/div>\n\t\t<\/div>\n\t\t\t\t\t\t<\/div>\n\t\t\t\t<\/div>\n\t\t\t\t<\/div>\n\t\t<div class=\"elementor-element elementor-element-8d0df5c e-con-full e-flex e-con e-child\" data-id=\"8d0df5c\" data-element_type=\"container\" data-e-type=\"container\">\n\t\t<div class=\"elementor-element elementor-element-5d53652 e-con-full e-flex e-con e-child\" data-id=\"5d53652\" data-element_type=\"container\" data-e-type=\"container\" data-settings=\"{&quot;background_background&quot;:&quot;classic&quot;}\">\n\t\t\t\t<\/div>\n\t\t<div class=\"elementor-element elementor-element-c930a36 e-con-full e-flex e-con e-child\" data-id=\"c930a36\" data-element_type=\"container\" data-e-type=\"container\" data-settings=\"{&quot;background_background&quot;:&quot;classic&quot;}\">\n\t\t\t\t<\/div>\n\t\t<div class=\"elementor-element elementor-element-240136c e-con-full e-flex e-con e-child\" data-id=\"240136c\" data-element_type=\"container\" data-e-type=\"container\">\n\t\t\t\t<div class=\"elementor-element elementor-element-589fa13 elementor-widget elementor-widget-heading\" data-id=\"589fa13\" data-element_type=\"widget\" data-e-type=\"widget\" data-widget_type=\"heading.default\">\n\t\t\t\t<div class=\"elementor-widget-container\">\n\t\t\t\t\t<h2 class=\"elementor-heading-title elementor-size-default\">Exposition<\/h2>\t\t\t\t<\/div>\n\t\t\t\t<\/div>\n\t\t\t\t<div class=\"elementor-element elementor-element-fcee9fe elementor-widget elementor-widget-text-editor\" data-id=\"fcee9fe\" data-element_type=\"widget\" data-e-type=\"widget\" data-widget_type=\"text-editor.default\">\n\t\t\t\t<div class=\"elementor-widget-container\">\n\t\t\t\t\t\t\t\t\t<p>La chapelle des Cordeliers, Toulouse Janvier 2023<\/p><p>9 drapeaux, 2,15m x 2,27m<\/p><p>\u00a0Criard pour Crier est une oeuvre en 3 temps.\u00a0<\/p><p>Elle est compos\u00e9e de 9 drapeaux destin\u00e9s \u00e0 \u00eatre activ\u00e9s lors d&#8217; une d\u00e9ambulation- manifestation qui s&#8217;empare de la couleur comme d&#8217;une force expressive.\u00a0<\/p><p>Au-del\u00e0 des mots, des clivages, la couleur par sa puissance vibratoire devient une d\u00e9monstration de nos \u00e9nergies en mouvement et de notre pouvoir personnel et collectif.<\/p><p>L\u2019utilisation des couleurs vives, le rassemblement dans l&#8217;espace publique et l&#8217;unit\u00e9 qui se cr\u00e9\u00e9 entre les individus deviennent &#8220;acte de r\u00e9sistance&#8221; et\u00a0 questionnent notre environnement urbain r\u00e9git par la norme, l\u2019individualisme et le consum\u00e9risme.<\/p>\t\t\t\t\t\t\t\t<\/div>\n\t\t\t\t<\/div>\n\t\t\t\t<\/div>\n\t\t\t\t<\/div>\n\t\t<div class=\"elementor-element elementor-element-7c36f05 e-con-full e-flex e-con e-child\" data-id=\"7c36f05\" data-element_type=\"container\" data-e-type=\"container\">\n\t\t\t\t<div class=\"elementor-element elementor-element-ade0606 elementor-widget elementor-widget-spacer\" data-id=\"ade0606\" data-element_type=\"widget\" data-e-type=\"widget\" data-widget_type=\"spacer.default\">\n\t\t\t\t<div class=\"elementor-widget-container\">\n\t\t\t\t\t\t\t<div class=\"elementor-spacer\">\n\t\t\t<div class=\"elementor-spacer-inner\"><\/div>\n\t\t<\/div>\n\t\t\t\t\t\t<\/div>\n\t\t\t\t<\/div>\n\t\t\t\t<\/div>\n\t\t<div class=\"elementor-element elementor-element-7636186 e-con-full e-flex e-con e-child\" data-id=\"7636186\" data-element_type=\"container\" data-e-type=\"container\">\n\t\t<div class=\"elementor-element elementor-element-4e58374 e-con-full e-flex e-con e-child\" data-id=\"4e58374\" data-element_type=\"container\" data-e-type=\"container\">\n\t\t\t\t<div class=\"elementor-element elementor-element-48d98d3 elementor-widget elementor-widget-heading\" data-id=\"48d98d3\" data-element_type=\"widget\" data-e-type=\"widget\" data-widget_type=\"heading.default\">\n\t\t\t\t<div class=\"elementor-widget-container\">\n\t\t\t\t\t<h2 class=\"elementor-heading-title elementor-size-default\">Activation<\/h2>\t\t\t\t<\/div>\n\t\t\t\t<\/div>\n\t\t\t\t<div class=\"elementor-element elementor-element-da4ad64 elementor-widget elementor-widget-text-editor\" data-id=\"da4ad64\" data-element_type=\"widget\" data-e-type=\"widget\" data-widget_type=\"text-editor.default\">\n\t\t\t\t<div class=\"elementor-widget-container\">\n\t\t\t\t\t\t\t\t\t<p>Performance improvis\u00e9e dans l&#8217;espace urbain, Toulouse 14\/01\/2023<\/p>\t\t\t\t\t\t\t\t<\/div>\n\t\t\t\t<\/div>\n\t\t\t\t<\/div>\n\t\t\t\t<\/div>\n\t\t<div class=\"elementor-element elementor-element-2c01993 e-con-full e-flex e-con e-child\" data-id=\"2c01993\" data-element_type=\"container\" data-e-type=\"container\">\n\t\t<div class=\"elementor-element elementor-element-e2daa80 e-con-full e-flex e-con e-child\" data-id=\"e2daa80\" data-element_type=\"container\" data-e-type=\"container\" data-settings=\"{&quot;background_background&quot;:&quot;classic&quot;}\">\n\t\t\t\t<\/div>\n\t\t<div class=\"elementor-element elementor-element-23491ff e-con-full e-flex e-con e-child\" data-id=\"23491ff\" data-element_type=\"container\" data-e-type=\"container\" data-settings=\"{&quot;background_background&quot;:&quot;classic&quot;}\">\n\t\t\t\t<\/div>\n\t\t<div class=\"elementor-element elementor-element-3fb4015 e-con-full e-flex e-con e-child\" data-id=\"3fb4015\" data-element_type=\"container\" data-e-type=\"container\" data-settings=\"{&quot;background_background&quot;:&quot;classic&quot;}\">\n\t\t\t\t<\/div>\n\t\t\t\t<\/div>\n\t\t<div class=\"elementor-element elementor-element-8e7b960 e-con-full e-flex e-con e-child\" data-id=\"8e7b960\" data-element_type=\"container\" data-e-type=\"container\">\n\t\t<div class=\"elementor-element elementor-element-6390dd7 e-con-full e-flex e-con e-child\" data-id=\"6390dd7\" data-element_type=\"container\" data-e-type=\"container\" data-settings=\"{&quot;background_background&quot;:&quot;classic&quot;}\">\n\t\t\t\t<\/div>\n\t\t<div class=\"elementor-element elementor-element-a7c9429 e-con-full e-flex e-con e-child\" data-id=\"a7c9429\" data-element_type=\"container\" data-e-type=\"container\" data-settings=\"{&quot;background_background&quot;:&quot;classic&quot;}\">\n\t\t\t\t<\/div>\n\t\t\t\t<\/div>\n\t\t<div class=\"elementor-element elementor-element-0149403 e-con-full e-flex e-con e-child\" data-id=\"0149403\" data-element_type=\"container\" data-e-type=\"container\">\n\t\t<div class=\"elementor-element elementor-element-991022f e-con-full e-flex e-con e-child\" data-id=\"991022f\" data-element_type=\"container\" data-e-type=\"container\" data-settings=\"{&quot;background_background&quot;:&quot;classic&quot;}\">\n\t\t\t\t<\/div>\n\t\t<div class=\"elementor-element elementor-element-0ce307e e-con-full e-flex e-con e-child\" data-id=\"0ce307e\" data-element_type=\"container\" data-e-type=\"container\" data-settings=\"{&quot;background_background&quot;:&quot;classic&quot;}\">\n\t\t\t\t<\/div>\n\t\t\t\t<\/div>\n\t\t<div class=\"elementor-element elementor-element-1fe21a8 e-con-full e-flex e-con e-child\" data-id=\"1fe21a8\" data-element_type=\"container\" data-e-type=\"container\">\n\t\t\t\t<div class=\"elementor-element elementor-element-b180c8b elementor-widget elementor-widget-spacer\" data-id=\"b180c8b\" data-element_type=\"widget\" data-e-type=\"widget\" data-widget_type=\"spacer.default\">\n\t\t\t\t<div class=\"elementor-widget-container\">\n\t\t\t\t\t\t\t<div class=\"elementor-spacer\">\n\t\t\t<div class=\"elementor-spacer-inner\"><\/div>\n\t\t<\/div>\n\t\t\t\t\t\t<\/div>\n\t\t\t\t<\/div>\n\t\t\t\t<\/div>\n\t\t<div class=\"elementor-element elementor-element-6db012c e-con-full e-flex e-con e-child\" data-id=\"6db012c\" data-element_type=\"container\" data-e-type=\"container\">\n\t\t<div class=\"elementor-element elementor-element-200fbe7 e-con-full e-flex e-con e-child\" data-id=\"200fbe7\" data-element_type=\"container\" data-e-type=\"container\">\n\t\t\t\t<div class=\"elementor-element elementor-element-0958516 elementor-widget elementor-widget-heading\" data-id=\"0958516\" data-element_type=\"widget\" data-e-type=\"widget\" data-widget_type=\"heading.default\">\n\t\t\t\t<div class=\"elementor-widget-container\">\n\t\t\t\t\t<h2 class=\"elementor-heading-title elementor-size-default\">Restitution vid\u00e9o<\/h2>\t\t\t\t<\/div>\n\t\t\t\t<\/div>\n\t\t\t\t<div class=\"elementor-element elementor-element-3809c6c elementor-widget elementor-widget-text-editor\" data-id=\"3809c6c\" data-element_type=\"widget\" data-e-type=\"widget\" data-widget_type=\"text-editor.default\">\n\t\t\t\t<div class=\"elementor-widget-container\">\n\t\t\t\t\t\t\t\t\t<p>Vid\u00e9o r\u00e9alis\u00e9e par Elisa Bonnet<\/p>\t\t\t\t\t\t\t\t<\/div>\n\t\t\t\t<\/div>\n\t\t\t\t<\/div>\n\t\t\t\t<\/div>\n\t\t\t\t\t<\/div>\n\t\t\t\t<\/div>\n\t\t\t\t<\/div>\n\t\t","protected":false},"excerpt":{"rendered":"<p>\u00ab When enough people move together in a common pulse with a common purpose, an amazing force takes over-a power that can renew, inspire, teach, create and heal. \u00bb \u00ab Quand suffisamment d\u2019individus avancent ensemble en r\u00e9sonance avec un but commun, une puissance incroyable se d\u00e9ploie \u2013 un force capable de renouveler, inspirer, enseigner, cr\u00e9er [&hellip;]<\/p>\n","protected":false},"author":1,"featured_media":0,"parent":0,"menu_order":0,"comment_status":"closed","ping_status":"closed","template":"","meta":{"inline_featured_image":false,"footnotes":""},"class_list":["post-82","page","type-page","status-publish","hentry"],"yoast_head":"<!-- This site is optimized with the Yoast SEO plugin v27.4 - https:\/\/yoast.com\/product\/yoast-seo-wordpress\/ -->\n<title>Criard pour crier - Myl\u00e8ne Cauchefer<\/title>\n<meta name=\"robots\" content=\"index, follow, max-snippet:-1, max-image-preview:large, max-video-preview:-1\" \/>\n<link rel=\"canonical\" href=\"http:\/\/www.mylenecauchefer.com\/index.php\/criard-pour-crier\/\" \/>\n<meta property=\"og:locale\" content=\"en_US\" \/>\n<meta property=\"og:type\" content=\"article\" \/>\n<meta property=\"og:title\" content=\"Criard pour crier - Myl\u00e8ne Cauchefer\" \/>\n<meta property=\"og:description\" content=\"\u00ab When enough people move together in a common pulse with a common purpose, an amazing force takes over-a power that can renew, inspire, teach, create and heal. \u00bb \u00ab Quand suffisamment d\u2019individus avancent ensemble en r\u00e9sonance avec un but commun, une puissance incroyable se d\u00e9ploie \u2013 un force capable de renouveler, inspirer, enseigner, cr\u00e9er [&hellip;]\" \/>\n<meta property=\"og:url\" content=\"http:\/\/www.mylenecauchefer.com\/index.php\/criard-pour-crier\/\" \/>\n<meta property=\"og:site_name\" content=\"Myl\u00e8ne Cauchefer\" \/>\n<meta property=\"article:modified_time\" content=\"2025-05-23T12:45:34+00:00\" \/>\n<meta name=\"twitter:card\" content=\"summary_large_image\" \/>\n<meta name=\"twitter:label1\" content=\"Est. reading time\" \/>\n\t<meta name=\"twitter:data1\" content=\"1 minute\" \/>\n<script type=\"application\/ld+json\" class=\"yoast-schema-graph\">{\"@context\":\"https:\\\/\\\/schema.org\",\"@graph\":[{\"@type\":\"WebPage\",\"@id\":\"http:\\\/\\\/www.mylenecauchefer.com\\\/index.php\\\/criard-pour-crier\\\/\",\"url\":\"http:\\\/\\\/www.mylenecauchefer.com\\\/index.php\\\/criard-pour-crier\\\/\",\"name\":\"Criard pour crier - Myl\u00e8ne Cauchefer\",\"isPartOf\":{\"@id\":\"https:\\\/\\\/www.mylenecauchefer.com\\\/#website\"},\"datePublished\":\"2025-01-17T13:50:42+00:00\",\"dateModified\":\"2025-05-23T12:45:34+00:00\",\"breadcrumb\":{\"@id\":\"http:\\\/\\\/www.mylenecauchefer.com\\\/index.php\\\/criard-pour-crier\\\/#breadcrumb\"},\"inLanguage\":\"en-US\",\"potentialAction\":[{\"@type\":\"ReadAction\",\"target\":[\"http:\\\/\\\/www.mylenecauchefer.com\\\/index.php\\\/criard-pour-crier\\\/\"]}]},{\"@type\":\"BreadcrumbList\",\"@id\":\"http:\\\/\\\/www.mylenecauchefer.com\\\/index.php\\\/criard-pour-crier\\\/#breadcrumb\",\"itemListElement\":[{\"@type\":\"ListItem\",\"position\":1,\"name\":\"Accueil\",\"item\":\"https:\\\/\\\/www.mylenecauchefer.com\\\/\"},{\"@type\":\"ListItem\",\"position\":2,\"name\":\"Criard pour crier\"}]},{\"@type\":\"WebSite\",\"@id\":\"https:\\\/\\\/www.mylenecauchefer.com\\\/#website\",\"url\":\"https:\\\/\\\/www.mylenecauchefer.com\\\/\",\"name\":\"Myl\u00e8ne Cauchefer\",\"description\":\"Un site utilisant WordPress\",\"potentialAction\":[{\"@type\":\"SearchAction\",\"target\":{\"@type\":\"EntryPoint\",\"urlTemplate\":\"https:\\\/\\\/www.mylenecauchefer.com\\\/?s={search_term_string}\"},\"query-input\":{\"@type\":\"PropertyValueSpecification\",\"valueRequired\":true,\"valueName\":\"search_term_string\"}}],\"inLanguage\":\"en-US\"}]}<\/script>\n<!-- \/ Yoast SEO plugin. -->","yoast_head_json":{"title":"Criard pour crier - Myl\u00e8ne Cauchefer","robots":{"index":"index","follow":"follow","max-snippet":"max-snippet:-1","max-image-preview":"max-image-preview:large","max-video-preview":"max-video-preview:-1"},"canonical":"http:\/\/www.mylenecauchefer.com\/index.php\/criard-pour-crier\/","og_locale":"en_US","og_type":"article","og_title":"Criard pour crier - Myl\u00e8ne Cauchefer","og_description":"\u00ab When enough people move together in a common pulse with a common purpose, an amazing force takes over-a power that can renew, inspire, teach, create and heal. \u00bb \u00ab Quand suffisamment d\u2019individus avancent ensemble en r\u00e9sonance avec un but commun, une puissance incroyable se d\u00e9ploie \u2013 un force capable de renouveler, inspirer, enseigner, cr\u00e9er [&hellip;]","og_url":"http:\/\/www.mylenecauchefer.com\/index.php\/criard-pour-crier\/","og_site_name":"Myl\u00e8ne Cauchefer","article_modified_time":"2025-05-23T12:45:34+00:00","twitter_card":"summary_large_image","twitter_misc":{"Est. reading time":"1 minute"},"schema":{"@context":"https:\/\/schema.org","@graph":[{"@type":"WebPage","@id":"http:\/\/www.mylenecauchefer.com\/index.php\/criard-pour-crier\/","url":"http:\/\/www.mylenecauchefer.com\/index.php\/criard-pour-crier\/","name":"Criard pour crier - Myl\u00e8ne Cauchefer","isPartOf":{"@id":"https:\/\/www.mylenecauchefer.com\/#website"},"datePublished":"2025-01-17T13:50:42+00:00","dateModified":"2025-05-23T12:45:34+00:00","breadcrumb":{"@id":"http:\/\/www.mylenecauchefer.com\/index.php\/criard-pour-crier\/#breadcrumb"},"inLanguage":"en-US","potentialAction":[{"@type":"ReadAction","target":["http:\/\/www.mylenecauchefer.com\/index.php\/criard-pour-crier\/"]}]},{"@type":"BreadcrumbList","@id":"http:\/\/www.mylenecauchefer.com\/index.php\/criard-pour-crier\/#breadcrumb","itemListElement":[{"@type":"ListItem","position":1,"name":"Accueil","item":"https:\/\/www.mylenecauchefer.com\/"},{"@type":"ListItem","position":2,"name":"Criard pour crier"}]},{"@type":"WebSite","@id":"https:\/\/www.mylenecauchefer.com\/#website","url":"https:\/\/www.mylenecauchefer.com\/","name":"Myl\u00e8ne Cauchefer","description":"Un site utilisant WordPress","potentialAction":[{"@type":"SearchAction","target":{"@type":"EntryPoint","urlTemplate":"https:\/\/www.mylenecauchefer.com\/?s={search_term_string}"},"query-input":{"@type":"PropertyValueSpecification","valueRequired":true,"valueName":"search_term_string"}}],"inLanguage":"en-US"}]}},"_links":{"self":[{"href":"http:\/\/www.mylenecauchefer.com\/index.php\/wp-json\/wp\/v2\/pages\/82","targetHints":{"allow":["GET"]}}],"collection":[{"href":"http:\/\/www.mylenecauchefer.com\/index.php\/wp-json\/wp\/v2\/pages"}],"about":[{"href":"http:\/\/www.mylenecauchefer.com\/index.php\/wp-json\/wp\/v2\/types\/page"}],"author":[{"embeddable":true,"href":"http:\/\/www.mylenecauchefer.com\/index.php\/wp-json\/wp\/v2\/users\/1"}],"replies":[{"embeddable":true,"href":"http:\/\/www.mylenecauchefer.com\/index.php\/wp-json\/wp\/v2\/comments?post=82"}],"version-history":[{"count":125,"href":"http:\/\/www.mylenecauchefer.com\/index.php\/wp-json\/wp\/v2\/pages\/82\/revisions"}],"predecessor-version":[{"id":1797,"href":"http:\/\/www.mylenecauchefer.com\/index.php\/wp-json\/wp\/v2\/pages\/82\/revisions\/1797"}],"wp:attachment":[{"href":"http:\/\/www.mylenecauchefer.com\/index.php\/wp-json\/wp\/v2\/media?parent=82"}],"curies":[{"name":"wp","href":"https:\/\/api.w.org\/{rel}","templated":true}]}}